{"id":3566,"date":"2023-01-17T15:33:24","date_gmt":"2023-01-17T15:33:24","guid":{"rendered":"https:\/\/clinicaruygarcia.pt\/clinical-cases\/"},"modified":"2023-02-01T18:51:15","modified_gmt":"2023-02-01T18:51:15","slug":"clinical-cases","status":"publish","type":"page","link":"https:\/\/clinicaruygarcia.pt\/en\/clinical-cases\/","title":{"rendered":"Clinical Cases"},"content":{"rendered":"\t\t<div data-elementor-type=\"wp-page\" data-elementor-id=\"3566\" class=\"elementor elementor-3566 elementor-1866\" data-elementor-post-type=\"page\">\n\t\t\t\t\t\t<section class=\"elementor-section elementor-top-section elementor-element elementor-element-d24860b elementor-section-full_width elementor-section-height-default elementor-section-height-default\" data-id=\"d24860b\" data-element_type=\"section\">\n\t\t\t\t\t\t<div class=\"elementor-container elementor-column-gap-default\">\n\t\t\t\t\t<div class=\"elementor-column elementor-col-50 elementor-top-column elementor-element elementor-element-97c9bac\" data-id=\"97c9bac\" data-element_type=\"column\">\n\t\t\t<div class=\"elementor-widget-wrap elementor-element-populated\">\n\t\t\t\t\t\t<div class=\"elementor-element elementor-element-95bc15a elementor-widget__width-auto elementor-widget elementor-widget-html\" data-id=\"95bc15a\" data-element_type=\"widget\" data-widget_type=\"html.default\">\n\t\t\t\t<div class=\"elementor-widget-container\">\n\t\t\t\t\t<div class=\"servicos-h1\">\n    <i class=\"fa fa-circle\"><\/i>\n Clinical Cases\n<\/div>\n\t\t\t\t<\/div>\n\t\t\t\t<\/div>\n\t\t\t\t\t<\/div>\n\t\t<\/div>\n\t\t\t\t<div class=\"elementor-column elementor-col-50 elementor-top-column elementor-element elementor-element-780da7d coluna-categorias\" data-id=\"780da7d\" data-element_type=\"column\">\n\t\t\t<div class=\"elementor-widget-wrap elementor-element-populated\">\n\t\t\t\t\t\t<div class=\"elementor-element elementor-element-f994b87 elementor-widget elementor-widget-shortcode\" data-id=\"f994b87\" data-element_type=\"widget\" data-widget_type=\"shortcode.default\">\n\t\t\t\t<div class=\"elementor-widget-container\">\n\t\t\t\t\t\t\t<div class=\"elementor-shortcode\">[wc_zenha_get_categorias]<\/div>\n\t\t\t\t\t\t<\/div>\n\t\t\t\t<\/div>\n\t\t\t\t\t<\/div>\n\t\t<\/div>\n\t\t\t\t\t<\/div>\n\t\t<\/section>\n\t\t\t\t<section class=\"elementor-section elementor-top-section elementor-element elementor-element-cfb09dd elementor-hidden-mobile elementor-section-boxed elementor-section-height-default elementor-section-height-default\" data-id=\"cfb09dd\" data-element_type=\"section\">\n\t\t\t\t\t\t<div class=\"elementor-container elementor-column-gap-default\">\n\t\t\t\t\t<div class=\"elementor-column elementor-col-100 elementor-top-column elementor-element elementor-element-3b02f2b\" data-id=\"3b02f2b\" data-element_type=\"column\">\n\t\t\t<div class=\"elementor-widget-wrap elementor-element-populated\">\n\t\t\t\t\t\t<div class=\"elementor-element elementor-element-6d720c5 elementor-hidden-mobile elementor-widget elementor-widget-html\" data-id=\"6d720c5\" data-element_type=\"widget\" data-widget_type=\"html.default\">\n\t\t\t\t<div class=\"elementor-widget-container\">\n\t\t\t\t\t<style>\/* ------- Categorias --------- *\/\n\n\n    .lista-categorias-filtros {\n        display: block;\n        width: 100%;\n        height: 100%;\n        text-align: right;\n    }\n    \n    .bloco-categoria-filtro {\n        display: inline-block;\n        margin-left: 10px;\n    }\n    \n    .bloco-categoria-filtro:first-of-type {\n        margin-left: 0px;\n    }\n    \n    \n    .bloco-categoria-filtro:last-of-type {\n        margin-right: 7px;\n    }\n    \n    \n    .categoria-btn:active,\n    .categoria-btn:focus,\n    .categoria-btn {\n        font-family: Inter;\n        font-size: 14px;\n        line-height: 30px;\n        float: right;\n        background: rgba(0,0,0,0);\n        color: #A2A2A2;\n        border: 1px solid #A2A2A2;\n        border-radius: 25px;\n        padding: 0px 10px 0px 10px;\n        font-weight: 400;\n        outline: none !important;\n    }\n    \n    \n    \n    .categoria-btn:hover {\n        transition: 0.3s ease-in-out;\n        color: #333333;\n        background: rgba(0,0,0,0);\n        border: 1px solid #333333;\n    }\n    \n    \n    \n    .categoria-btn.activo {\n        background: rgba(0,0,0,0);\n        color: #333333;\n        border: 1px solid #333333;\n        outline: none !important;\n    }\n\n\n\n    @media(max-width: 767px) {\n        \n        .bloco-categoria-filtro:first-of-type {\n            padding-left: 20px !important;\n        }\n    \n        \n    }\n\n\n\n\n\/* ------- Casos Clinicos --------- *\/\n\n\n    \n\n\n    .bloco-total-casos-clinicos {\n        width: 100%;\n        height: 100%;\n        display: block;\n    }\n    \n    \n    .bloco-caso-clinico {\n        display: inline-block;\n        vertical-align: top;\n        width: 49%;\n        margin-bottom: 90px;\n    }\n    \n\n    .bloco-total-casos-clinicos .bloco-caso-clinico:nth-child(odd){\n        \n    }\n    \n    .bloco-total-casos-clinicos .bloco-caso-clinico:nth-child(even){\n        \n    }\n    \n    \n    .imagem-caso-clinico {\n        background-position: center center;\n        background-repeat: no-repeat;\n        background-size: cover;\n        width: 100%;\n        height: 600px;\n        border-radius: 20px;\n        position: relative;\n    }\n    \n    \n    .lista-categorias-do-caso-clinico {\n        width: 100%;\n        display: block;\n        position: absolute;\n        bottom: 20px;\n        left: 20px;\n    }\n    \n    .categoria-do-caso-clinico {\n        display: inline-block;\n        vertical-align: top;\n        color: #fff;\n        border: 1px solid #fff;\n        font-family: \"Inter\", Sans-serif;\n        font-size: 14px;\n        font-weight: 400;\n        line-height: 30px;\n        padding: 0px 10px 0px 10px;\n        border-radius: 25px;\n        margin-left: 10px;\n    }\n    \n    .categoria-do-caso-clinico:first-of-type {\n        margin-left: 0px;\n    }\n    \n    \n    .descricao-caso-clinico {\n        display: block;\n        width: 60%;\n        padding-left: 20px;\n        padding-top: 30px;\n    }\n    \n    \n    .titulo-caso-clinico {\n        font-family: \"Inter\", Sans-serif;\n        font-size: 24px;\n        font-weight: normal;\n        line-height: 32px;\n\n    }\n    \n    .texto-caso-clinico {\n        font-family: \"Inter\", Sans-serif;\n        font-size: 16px;\n        font-weight: 400;\n        line-height: 20px;\n        margin-top: 15px;\n        height: 120px;\n    }\n    \n    \n    .bloco-link {\n        margin-top: 40px;\n    }\n    \n    .link-caso-clinico {\n        font-family: \"Inter\", Sans-serif;\n        font-size: 14px;\n        font-weight: normal;\n        line-height: 17px;\n        color: #000000;\n        background-color: rgba(0,0,0,0);\n        border: none;\n        border-bottom: 1px solid #000;\n        padding-bottom: 3px;\n    }\n    \n    \n    .link-caso-clinico:hover {\n        color: #000000;\n        transition: 0.3s ease-in-out;\n        border-bottom: 1px solid rgba(0,0,0,0);\n    }\n    \n    \n    .ver-mais-casos-btn {\n        font-family: Inter;\n        font-size: 14px;\n        line-height: 30px;\n        margin-top: 60px;\n        float: right;\n        background: #333333;\n        color: #fff;\n        border: none;\n        border-radius: 25px;\n        padding: 5px 18px;\n        font-weight: 400;\n    }\n    \n    \n    \n    .ver-mais-casos-btn:hover {\n        transition: 0.3s ease-in-out;\n        color: #333333;\n        background: #F2F2F2;\n        border: none;\n    }\n    \n    .ver-mais-casos-btn:focus {\n        background: #333333;\n        color: #fff;\n        border: none;\n        outline: none !important;\n    }\n    \n    \n    .float-right {\n        float: right;\n    }\n    \n    \n    @media(min-width: 1800px) {\n        .imagem-caso-clinico {\n            height: 750px;\n        }\n    }\n    \n    \n    @media(min-width: 2000px) {\n        .imagem-caso-clinico {\n            height: 800px;\n        }\n    }\n    \n    \n    \/* Computador 13 polegadas *\/\n    @media (min-width: 1250px) and (max-height: 750px) { \n        .imagem-caso-clinico {\n            height: 500px;\n        }\n    }\n    \n    \n    \n    \/* \n      Tablet\n    *\/\n    @media (min-width: 768px) and (max-width: 1024px) {\n        \n        .imagem-caso-clinico {\n            height: 400px;\n        }\n        \n        .descricao-caso-clinico {\n            width: 75%;\n        }\n        \n        .bloco-total-casos-clinicos .bloco-caso-clinico:nth-child(odd){\n            \n        }\n        \n        .bloco-total-casos-clinicos .bloco-caso-clinico:nth-child(even){\n            \n        }\n        \n        .lista-categorias-filtros {\n            text-align: right;\n        }\n        \n        .titulo-caso-clinico {\n            height: 60px;\n        }\n        \n        .texto-caso-clinico {\n            height: 180px;\n        }\n      \n    }\n    \n    \/* \n      ##Device = Tablets, Ipads (landscape)\n      ##Screen = B\/w 768px to 1024px\n    *\/\n    \n    @media (min-width: 768px) and (max-width: 1024px) and (orientation: landscape) {\n        \n       .imagem-caso-clinico {\n            height: 400px;\n        }\n        \n        .descricao-caso-clinico {\n            width: 75%;\n        }\n        \n        \n        .bloco-total-casos-clinicos .bloco-caso-clinico:nth-child(odd){\n            \n        }\n        \n        .bloco-total-casos-clinicos .bloco-caso-clinico:nth-child(even){\n            \n        }\n        \n        .lista-categorias-filtros {\n            text-align: right;\n        }\n        \n        .titulo-caso-clinico {\n            height: 60px;\n        }\n        \n        .texto-caso-clinico {\n            height: 180px;\n        }\n        \n    }\n    \n    \n    \n    @media(max-width: 767px) {\n        \n        .bloco-caso-clinico {\n            display: block;\n            width: 100%;\n            margin-bottom: 40px;\n        }\n        \n        .imagem-caso-clinico {\n            height: 420px;\n        }\n        \n        \n        .categoria-do-caso-clinico {\n            font-size: 12px;\n        }\n        \n        .descricao-caso-clinico {\n            width: 95%;\n        }\n        \n        .titulo-caso-clinico {\n            font-size: 20px;\n        }\n        \n        .texto-caso-clinico {\n            font-size: 14px;\n            line-height: 16px;\n            height: auto;\n        }\n        \n        .ver-mais-casos-btn {\n            float: none;\n            width: 100%;\n            margin-top: 45px;\n        }\n        \n        \n        .lista-categorias-filtros {\n            text-align: left;\n        }\n        \n        \n        .bloco-total-casos-clinicos .bloco-caso-clinico:nth-child(odd){\n            float: left;\n        }\n        \n        .bloco-total-casos-clinicos .bloco-caso-clinico:nth-child(even){\n            float: left;\n        }\n    }\n    \n    \n    .display-none {\n        display: none;\n    }\n    \n    \n<\/style>\t\t\t\t<\/div>\n\t\t\t\t<\/div>\n\t\t\t\t<div class=\"elementor-element elementor-element-46a182a elementor-hidden-mobile elementor-widget elementor-widget-html\" data-id=\"46a182a\" data-element_type=\"widget\" data-widget_type=\"html.default\">\n\t\t\t\t<div class=\"elementor-widget-container\">\n\t\t\t\t\t<style>.coluna-imagens > .elementor-column-gap-default>.elementor-column>.elementor-element-populated {\n        padding: 0px;\n    }\n\n\n    .coluna-imagens > .elementor-element-populated {\n        overflow-x: scroll;\n        overflow-y: hidden;\n         \/* for Internet Explorer, Edge *\/\n        -ms-overflow-style: none;\n        \/* for Firefox *\/\n        scrollbar-width: none;\n    }\n    \n    \n    .coluna-imagens > .elementor-element-populated::-webkit-scrollbar {\n        \/* for Chrome, Safari, and Opera *\/\n        display: none;\n    }\n\n\n    .coluna-imagens > .elementor-element-populated:hover {\n        cursor: pointer;\n    }\n    \n    .coluna-imagens > .elementor-element-populated.active {\n        cursor: grabbing;\n        cursor: -webkit-grabbing;\n    }\n    \n    \n    @media(max-width: 767px) {\n        \n        \n        .coluna-categorias.coluna-imagens .lista-categorias-filtros {\n            height: 70px;\n        }\n        \n        .bloco-testemunho {\n            position: relative;\n            width: 340px;\n        }\n        \n        .bloco-imagens {\n            width: 720px;\n        }\n        \n        \n        .larura-330px-mobile {\n            width: 340px !important;\n        }\n    }\n\n    \n<\/style>\t\t\t\t<\/div>\n\t\t\t\t<\/div>\n\t\t\t\t\t<\/div>\n\t\t<\/div>\n\t\t\t\t\t<\/div>\n\t\t<\/section>\n\t\t\t\t<section class=\"elementor-section elementor-top-section elementor-element elementor-element-d809fb7 elementor-section-full_width elementor-section-height-default elementor-section-height-default\" data-id=\"d809fb7\" data-element_type=\"section\">\n\t\t\t\t\t\t<div class=\"elementor-container elementor-column-gap-default\">\n\t\t\t\t\t<div class=\"elementor-column elementor-col-100 elementor-top-column elementor-element elementor-element-4d5e79f\" data-id=\"4d5e79f\" data-element_type=\"column\">\n\t\t\t<div class=\"elementor-widget-wrap elementor-element-populated\">\n\t\t\t\t\t\t<div class=\"elementor-element elementor-element-3e3c7f5 elementor-widget elementor-widget-shortcode\" data-id=\"3e3c7f5\" data-element_type=\"widget\" data-widget_type=\"shortcode.default\">\n\t\t\t\t<div class=\"elementor-widget-container\">\n\t\t\t\t\t\t\t<div class=\"elementor-shortcode\">[wc_zenha_cacos_clinicos]<\/div>\n\t\t\t\t\t\t<\/div>\n\t\t\t\t<\/div>\n\t\t\t\t<div class=\"elementor-element elementor-element-47e6c9c elementor-widget elementor-widget-html\" data-id=\"47e6c9c\" data-element_type=\"widget\" data-widget_type=\"html.default\">\n\t\t\t\t<div class=\"elementor-widget-container\">\n\t\t\t\t\t<!-- <div class=\"lista-categorias-filtros\">\n    \n    <div class=\"bloco-categoria-filtro\">\n        <button class=\"categoria-btn\" data-categoria=\"x\">\n         Implante Unit\u00e1rio\n        <\/button>\n    <\/div>\n    \n<\/div>\n\n<div class=\"bloco-total-casos-clinicos\">\n    \n    <div class=\"bloco-caso-clinico\">\n        <div class=\"imagem-caso-clinico\" style=\"background-image: url(https:\/\/clinicaruygarcia.pt\/wp-content\/uploads\/2023\/01\/Retangulo-615-min-e1673959216246.jpg);\">\n            <div class=\"lista-categorias-do-caso-clinico\">\n                <div class=\"categoria-do-caso-clinico\">\n                    Implantologia\n                <\/div>\n                <div class=\"categoria-do-caso-clinico\">\n                    Medicina Dent\u00e1ria\n                <\/div>\n            <\/div>\n        <\/div>\n        <div class=\"descricao-caso-clinico\">\n            <div class=\"titulo-caso-clinico\">\n                Jos\u00e9 Matos, Porto\n            <\/div>\n            <div class=\"texto-caso-clinico\">\n                \u201cVivi quase 50 anos com uma boca \u201canormal\u201d e de um momento para o outro, sentir-me,\u2026chorei, a emo\u00e7\u00e3o era tanta que chorei. Foi fant\u00e1stico, foi uma das melhores coisas que fiz na minha vida. Porque encontrei as pessoas certas tamb\u00e9m.\u201d\n            <\/div>\n            <div class=\"bloco-link\">\n                <a href=\"#\" class=\"link-caso-clinico\">\n                    Saber mais\n                <\/a>\n            <\/div>\n        <\/div>\n    <\/div>\n    \n    \n    <div class=\"bloco-caso-clinico\">\n        <div class=\"imagem-caso-clinico\" style=\"background-image: url(https:\/\/clinicaruygarcia.pt\/wp-content\/uploads\/2023\/01\/Retangulo-615-min-e1673959216246.jpg);\">\n            <div class=\"lista-categorias-do-caso-clinico\">\n                <div class=\"categoria-do-caso-clinico\">\n                    Implantologia\n                <\/div>\n                <div class=\"categoria-do-caso-clinico\">\n                    Medicina Dent\u00e1ria\n                <\/div>\n            <\/div>\n        <\/div>\n        <div class=\"descricao-caso-clinico\">\n            <div class=\"titulo-caso-clinico\">\n                Jos\u00e9 Matos, Porto\n            <\/div>\n            <div class=\"texto-caso-clinico\">\n                \u201cVivi quase 50 anos com uma boca \u201canormal\u201d e de um momento para o outro, sentir-me,\u2026chorei, a emo\u00e7\u00e3o era tanta que chorei. Foi fant\u00e1stico, foi uma das melhores coisas que fiz na minha vida. Porque encontrei as pessoas certas tamb\u00e9m.\u201d\n            <\/div>\n            <div class=\"bloco-link\">\n                <a href=\"#\" class=\"link-caso-clinico\">\n                    Saber mais\n                <\/a>\n            <\/div>\n        <\/div>\n    <\/div>\n    \n    \n    \n<\/div>\n\n\n<div class=\"bloco-btn-ver-mais\">\n    <button class=\"ver-mais-casos-btn\">\n        Ver mais\n    <\/button>\n<\/div>\n-->\t\t\t\t<\/div>\n\t\t\t\t<\/div>\n\t\t\t\t\t<\/div>\n\t\t<\/div>\n\t\t\t\t\t<\/div>\n\t\t<\/section>\n\t\t\t\t<\/div>\n\t\t","protected":false},"excerpt":{"rendered":"<p>Clinical Cases [wc_zenha_get_categorias] [wc_zenha_cacos_clinicos]<\/p>\n","protected":false},"author":1,"featured_media":0,"parent":0,"menu_order":0,"comment_status":"closed","ping_status":"closed","template":"","meta":{"_joinchat":[],"footnotes":""},"class_list":["post-3566","page","type-page","status-publish","hentry"],"_links":{"self":[{"href":"https:\/\/clinicaruygarcia.pt\/en\/wp-json\/wp\/v2\/pages\/3566","targetHints":{"allow":["GET"]}}],"collection":[{"href":"https:\/\/clinicaruygarcia.pt\/en\/wp-json\/wp\/v2\/pages"}],"about":[{"href":"https:\/\/clinicaruygarcia.pt\/en\/wp-json\/wp\/v2\/types\/page"}],"author":[{"embeddable":true,"href":"https:\/\/clinicaruygarcia.pt\/en\/wp-json\/wp\/v2\/users\/1"}],"replies":[{"embeddable":true,"href":"https:\/\/clinicaruygarcia.pt\/en\/wp-json\/wp\/v2\/comments?post=3566"}],"version-history":[{"count":15,"href":"https:\/\/clinicaruygarcia.pt\/en\/wp-json\/wp\/v2\/pages\/3566\/revisions"}],"predecessor-version":[{"id":4374,"href":"https:\/\/clinicaruygarcia.pt\/en\/wp-json\/wp\/v2\/pages\/3566\/revisions\/4374"}],"wp:attachment":[{"href":"https:\/\/clinicaruygarcia.pt\/en\/wp-json\/wp\/v2\/media?parent=3566"}],"curies":[{"name":"wp","href":"https:\/\/api.w.org\/{rel}","templated":true}]}}